{"id":1382,"date":"2021-02-10T12:51:38","date_gmt":"2021-02-10T12:51:38","guid":{"rendered":"https:\/\/ankebreternitz.com\/?page_id=1382"},"modified":"2021-02-19T15:04:50","modified_gmt":"2021-02-19T15:04:50","slug":"impressum","status":"publish","type":"page","link":"https:\/\/ankebreternitz.com\/en\/impressum","title":{"rendered":"Legal Notice"},"content":{"rendered":"<div data-elementor-type=\"wp-page\" data-elementor-id=\"1382\" class=\"elementor elementor-1382\">\n\t\t\t\t\t\t<div class=\"elementor-inner\">\n\t\t\t\t<div class=\"elementor-section-wrap\">\n\t\t\t\t\t\t\t\t\t<section class=\"elementor-section elementor-top-section elementor-element elementor-element-5dc09807 elementor-section-boxed elementor-section-height-default elementor-section-height-default\" data-id=\"5dc09807\" data-element_type=\"section\">\n\t\t\t\t\t\t<div class=\"elementor-container elementor-column-gap-default\">\n\t\t\t\t\t\t\t<div class=\"elementor-row\">\n\t\t\t\t\t<div class=\"elementor-column elementor-col-100 elementor-top-column elementor-element elementor-element-320cc688\" data-id=\"320cc688\" data-element_type=\"column\">\n\t\t\t<div class=\"elementor-column-wrap elementor-element-populated\">\n\t\t\t\t\t\t\t<div class=\"elementor-widget-wrap\">\n\t\t\t\t\t\t<div class=\"elementor-element elementor-element-3d72e126 elementor-widget elementor-widget-text-editor\" data-id=\"3d72e126\" data-element_type=\"widget\" data-widget_type=\"text-editor.default\">\n\t\t\t\t<div class=\"elementor-widget-container\">\n\t\t\t\t\t\t\t\t<div class=\"elementor-text-editor elementor-clearfix\">\n\t\t\t\t<!-- wp:heading {\"level\":1} --><!-- \/wp:heading --><!-- wp:heading -->\n<h2>Angaben gem\u00e4\u00df \u00a7 5 TMG<\/h2>\n<!-- \/wp:heading --><!-- wp:paragraph -->\n<p>Anke Breternitz<br \/>Personal &amp; Business Coach<br \/>Malmsheimer Weg 24<br \/>71120 Grafenau<\/p>\n<!-- \/wp:paragraph --><!-- wp:heading -->\n<h2>Contact<\/h2>\n<!-- \/wp:heading --><!-- wp:paragraph -->\n<p>Telefon: +491736607274<br \/>E-Mail: coaching@ankebreternitz.com<\/p>\n<!-- \/wp:paragraph --><!-- wp:heading -->\n<h2>Redaktionell Verantwortlicher<\/h2>\n<!-- \/wp:heading --><!-- wp:paragraph -->\n<p>Anke Breternitz<br \/>Malmsheimer Weg 24<br \/>71120 Grafenau<br \/>Germany<\/p>\n<!-- \/wp:paragraph --><!-- wp:heading -->\n<h2>EU-Streitschlichtung<\/h2>\n<!-- \/wp:heading --><!-- wp:paragraph -->\n<p>Die Europ\u00e4ische Kommission stellt eine Plattform zur Online-Streitbeilegung (OS) bereit: <a href=\"https:\/\/ec.europa.eu\/consumers\/odr\" target=\"_blank\" rel=\"noreferrer noopener\">https:\/\/ec.europa.eu\/consumers\/odr<\/a>.<br \/>Unsere E-Mail-Adresse finden Sie oben im Impressum.<\/p>\n<!-- \/wp:paragraph --><!-- wp:heading -->\n<h2>Verbraucher\u00adstreit\u00adbeilegung\/Universal\u00adschlichtungs\u00adstelle<\/h2>\n<!-- \/wp:heading --><!-- wp:paragraph -->\n<p>Wir sind nicht bereit oder verpflichtet, an Streitbeilegungsverfahren vor einer Verbraucherschlichtungsstelle teilzunehmen.<\/p>\n<!-- \/wp:paragraph --><!-- wp:heading {\"level\":3} -->\n<h3>Haftung f\u00fcr Inhalte<\/h3>\n<!-- \/wp:heading --><!-- wp:paragraph -->\n<p>Als Diensteanbieter sind wir gem\u00e4\u00df \u00a7 7 Abs.1 TMG f\u00fcr eigene Inhalte auf diesen Seiten nach den allgemeinen Gesetzen verantwortlich. Nach \u00a7\u00a7 8 bis 10 TMG sind wir als Diensteanbieter jedoch nicht verpflichtet, \u00fcbermittelte oder gespeicherte fremde Informationen zu \u00fcberwachen oder nach Umst\u00e4nden zu forschen, die auf eine rechtswidrige T\u00e4tigkeit hinweisen.<\/p>\n<!-- \/wp:paragraph --><!-- wp:paragraph -->\n<p>Verpflichtungen zur Entfernung oder Sperrung der Nutzung von Informationen nach den allgemeinen Gesetzen bleiben hiervon unber\u00fchrt. Eine diesbez\u00fcgliche Haftung ist jedoch erst ab dem Zeitpunkt der Kenntnis einer konkreten Rechtsverletzung m\u00f6glich. Bei Bekanntwerden von entsprechenden Rechtsverletzungen werden wir diese Inhalte umgehend entfernen.<\/p>\n<!-- \/wp:paragraph --><!-- wp:heading {\"level\":3} -->\n<h3>Haftung f\u00fcr Links<\/h3>\n<!-- \/wp:heading --><!-- wp:paragraph -->\n<p>Unser Angebot enth\u00e4lt Links zu externen Websites Dritter, auf deren Inhalte wir keinen Einfluss haben. Deshalb k\u00f6nnen wir f\u00fcr diese fremden Inhalte auch keine Gew\u00e4hr \u00fcbernehmen. F\u00fcr die Inhalte der verlinkten Seiten ist stets der jeweilige Anbieter oder Betreiber der Seiten verantwortlich. Die verlinkten Seiten wurden zum Zeitpunkt der Verlinkung auf m\u00f6gliche Rechtsverst\u00f6\u00dfe \u00fcberpr\u00fcft. Rechtswidrige Inhalte waren zum Zeitpunkt der Verlinkung nicht erkennbar.<\/p>\n<!-- \/wp:paragraph --><!-- wp:paragraph -->\n<p>Eine permanente inhaltliche Kontrolle der verlinkten Seiten ist jedoch ohne konkrete Anhaltspunkte einer Rechtsverletzung nicht zumutbar. Bei Bekanntwerden von Rechtsverletzungen werden wir derartige Links umgehend entfernen.<\/p>\n<!-- \/wp:paragraph --><!-- wp:heading {\"level\":3} -->\n<h3>Urheberrecht<\/h3>\n<!-- \/wp:heading --><!-- wp:paragraph -->\n<p>Die durch die Seitenbetreiber erstellten Inhalte und Werke auf diesen Seiten unterliegen dem deutschen Urheberrecht. Die Vervielf\u00e4ltigung, Bearbeitung, Verbreitung und jede Art der Verwertung au\u00dferhalb der Grenzen des Urheberrechtes bed\u00fcrfen der schriftlichen Zustimmung des jeweiligen Autors bzw. Erstellers. Downloads und Kopien dieser Seite sind nur f\u00fcr den privaten, nicht kommerziellen Gebrauch gestattet.<\/p>\n<!-- \/wp:paragraph --><!-- wp:paragraph -->\n<p>Soweit die Inhalte auf dieser Seite nicht vom Betreiber erstellt wurden, werden die Urheberrechte Dritter beachtet. Insbesondere werden Inhalte Dritter als solche gekennzeichnet. Sollten Sie trotzdem auf eine Urheberrechtsverletzung aufmerksam werden, bitten wir um einen entsprechenden Hinweis. Bei Bekanntwerden von Rechtsverletzungen werden wir derartige Inhalte umgehend entfernen.<\/p>\n<!-- \/wp:paragraph --><!-- wp:paragraph -->\n<p>Quelle: <a href=\"https:\/\/www.e-recht24.de\">https:\/\/www.e-recht24.de<\/a><\/p>\n<!-- \/wp:paragraph -->\t\t\t\t\t<\/div>\n\t\t\t\t\t\t<\/div>\n\t\t\t\t<\/div>\n\t\t\t\t\t\t<\/div>\n\t\t\t\t\t<\/div>\n\t\t<\/div>\n\t\t\t\t\t\t\t\t<\/div>\n\t\t\t\t\t<\/div>\n\t\t<\/section>\n\t\t\t\t\t\t\t\t\t<\/div>\n\t\t\t<\/div>\n\t\t\t\t\t<\/div>","protected":false},"excerpt":{"rendered":"<p>Angaben gem\u00e4\u00df \u00a7 5 TMG Anke BreternitzPersonal &amp; Business CoachMalmsheimer Weg 2471120 Grafenau Kontakt Telefon: +491736607274E-Mail: coaching@ankebreternitz.com Redaktionell Verantwortlicher Anke BreternitzMalmsheimer Weg 2471120 GrafenauGermany EU-Streitschlichtung Die Europ\u00e4ische Kommission stellt eine Plattform zur Online-Streitbeilegung (OS) bereit: https:\/\/ec.europa.eu\/consumers\/odr.Unsere E-Mail-Adresse finden Sie oben im Impressum. Verbraucher\u00adstreit\u00adbeilegung\/Universal\u00adschlichtungs\u00adstelle Wir sind nicht bereit oder verpflichtet, an Streitbeilegungsverfahren vor einer Verbraucherschlichtungsstelle teilzunehmen. &hellip;<\/p>\n<p class=\"read-more\"> <a class=\"\" href=\"https:\/\/ankebreternitz.com\/en\/impressum\"> <span class=\"screen-reader-text\">Legal Notice<\/span> Read More &raquo;<\/a><\/p>","protected":false},"author":1,"featured_media":0,"parent":0,"menu_order":0,"comment_status":"closed","ping_status":"closed","template":"","meta":{"footnotes":""},"class_list":["post-1382","page","type-page","status-publish","hentry"],"yoast_head":"<!-- This site is optimized with the Yoast SEO plugin v20.4 - https:\/\/yoast.com\/wordpress\/plugins\/seo\/ -->\n<title>Impressum | Anke Breternitz<\/title>\n<meta name=\"robots\" content=\"index, follow, max-snippet:-1, max-image-preview:large, max-video-preview:-1\" \/>\n<link rel=\"canonical\" href=\"https:\/\/ankebreternitz.com\/en\/impressum\/\" \/>\n<meta property=\"og:locale\" content=\"en_US\" \/>\n<meta property=\"og:type\" content=\"article\" \/>\n<meta property=\"og:title\" content=\"Impressum | Anke Breternitz\" \/>\n<meta property=\"og:description\" content=\"Angaben gem\u00e4\u00df \u00a7 5 TMG Anke BreternitzPersonal &amp; Business CoachMalmsheimer Weg 2471120 Grafenau Kontakt Telefon: +491736607274E-Mail: coaching@ankebreternitz.com Redaktionell Verantwortlicher Anke BreternitzMalmsheimer Weg 2471120 GrafenauGermany EU-Streitschlichtung Die Europ\u00e4ische Kommission stellt eine Plattform zur Online-Streitbeilegung (OS) bereit: https:\/\/ec.europa.eu\/consumers\/odr.Unsere E-Mail-Adresse finden Sie oben im Impressum. Verbraucher\u00adstreit\u00adbeilegung\/Universal\u00adschlichtungs\u00adstelle Wir sind nicht bereit oder verpflichtet, an Streitbeilegungsverfahren vor einer Verbraucherschlichtungsstelle teilzunehmen. &hellip; Impressum Read More &raquo;\" \/>\n<meta property=\"og:url\" content=\"https:\/\/ankebreternitz.com\/en\/impressum\/\" \/>\n<meta property=\"og:site_name\" content=\"Anke Breternitz\" \/>\n<meta property=\"article:publisher\" content=\"https:\/\/www.facebook.com\/anke.breternitz.9\/\" \/>\n<meta property=\"article:modified_time\" content=\"2021-02-19T15:04:50+00:00\" \/>\n<meta name=\"twitter:card\" content=\"summary_large_image\" \/>\n<meta name=\"twitter:label1\" content=\"Est. reading time\" \/>\n\t<meta name=\"twitter:data1\" content=\"2 minutes\" \/>\n<script type=\"application\/ld+json\" class=\"yoast-schema-graph\">{\"@context\":\"https:\/\/schema.org\",\"@graph\":[{\"@type\":\"WebPage\",\"@id\":\"https:\/\/ankebreternitz.com\/impressum\",\"url\":\"https:\/\/ankebreternitz.com\/impressum\",\"name\":\"Impressum | Anke Breternitz\",\"isPartOf\":{\"@id\":\"https:\/\/ankebreternitz.com\/#website\"},\"datePublished\":\"2021-02-10T12:51:38+00:00\",\"dateModified\":\"2021-02-19T15:04:50+00:00\",\"breadcrumb\":{\"@id\":\"https:\/\/ankebreternitz.com\/impressum#breadcrumb\"},\"inLanguage\":\"en-US\",\"potentialAction\":[{\"@type\":\"ReadAction\",\"target\":[\"https:\/\/ankebreternitz.com\/impressum\"]}]},{\"@type\":\"BreadcrumbList\",\"@id\":\"https:\/\/ankebreternitz.com\/impressum#breadcrumb\",\"itemListElement\":[{\"@type\":\"ListItem\",\"position\":1,\"name\":\"Startseite\",\"item\":\"https:\/\/ankebreternitz.com\/\"},{\"@type\":\"ListItem\",\"position\":2,\"name\":\"Impressum\"}]},{\"@type\":\"WebSite\",\"@id\":\"https:\/\/ankebreternitz.com\/#website\",\"url\":\"https:\/\/ankebreternitz.com\/\",\"name\":\"Anke Breternitz\",\"description\":\"Karriere Coaching f\u00fcr F\u00fchrungskr\u00e4fte, Team, Mitarbeiter und Selbstst\u00e4ndige\",\"publisher\":{\"@id\":\"https:\/\/ankebreternitz.com\/#organization\"},\"potentialAction\":[{\"@type\":\"SearchAction\",\"target\":{\"@type\":\"EntryPoint\",\"urlTemplate\":\"https:\/\/ankebreternitz.com\/?s={search_term_string}\"},\"query-input\":\"required name=search_term_string\"}],\"inLanguage\":\"en-US\"},{\"@type\":\"Organization\",\"@id\":\"https:\/\/ankebreternitz.com\/#organization\",\"name\":\"Anke Breternitz Coaching - Your Vision My Mission!\",\"url\":\"https:\/\/ankebreternitz.com\/\",\"logo\":{\"@type\":\"ImageObject\",\"inLanguage\":\"en-US\",\"@id\":\"https:\/\/ankebreternitz.com\/#\/schema\/logo\/image\/\",\"url\":\"https:\/\/ankebreternitz.com\/wp-content\/uploads\/2021\/01\/167-scaled.jpg\",\"contentUrl\":\"https:\/\/ankebreternitz.com\/wp-content\/uploads\/2021\/01\/167-scaled.jpg\",\"width\":2560,\"height\":1704,\"caption\":\"Anke Breternitz Coaching - Your Vision My Mission!\"},\"image\":{\"@id\":\"https:\/\/ankebreternitz.com\/#\/schema\/logo\/image\/\"},\"sameAs\":[\"https:\/\/www.facebook.com\/anke.breternitz.9\/\",\"https:\/\/www.instagram.com\/ankebreternitz\/\",\"https:\/\/www.linkedin.com\/in\/anke-breternitz-1309b162\/\"]}]}<\/script>\n<!-- \/ Yoast SEO plugin. -->","yoast_head_json":{"title":"Impressum | Anke Breternitz","robots":{"index":"index","follow":"follow","max-snippet":"max-snippet:-1","max-image-preview":"max-image-preview:large","max-video-preview":"max-video-preview:-1"},"canonical":"https:\/\/ankebreternitz.com\/en\/impressum\/","og_locale":"en_US","og_type":"article","og_title":"Impressum | Anke Breternitz","og_description":"Angaben gem\u00e4\u00df \u00a7 5 TMG Anke BreternitzPersonal &amp; Business CoachMalmsheimer Weg 2471120 Grafenau Kontakt Telefon: +491736607274E-Mail: coaching@ankebreternitz.com Redaktionell Verantwortlicher Anke BreternitzMalmsheimer Weg 2471120 GrafenauGermany EU-Streitschlichtung Die Europ\u00e4ische Kommission stellt eine Plattform zur Online-Streitbeilegung (OS) bereit: https:\/\/ec.europa.eu\/consumers\/odr.Unsere E-Mail-Adresse finden Sie oben im Impressum. Verbraucher\u00adstreit\u00adbeilegung\/Universal\u00adschlichtungs\u00adstelle Wir sind nicht bereit oder verpflichtet, an Streitbeilegungsverfahren vor einer Verbraucherschlichtungsstelle teilzunehmen. &hellip; Impressum Read More &raquo;","og_url":"https:\/\/ankebreternitz.com\/en\/impressum\/","og_site_name":"Anke Breternitz","article_publisher":"https:\/\/www.facebook.com\/anke.breternitz.9\/","article_modified_time":"2021-02-19T15:04:50+00:00","twitter_card":"summary_large_image","twitter_misc":{"Est. reading time":"2 minutes"},"schema":{"@context":"https:\/\/schema.org","@graph":[{"@type":"WebPage","@id":"https:\/\/ankebreternitz.com\/impressum","url":"https:\/\/ankebreternitz.com\/impressum","name":"Impressum | Anke Breternitz","isPartOf":{"@id":"https:\/\/ankebreternitz.com\/#website"},"datePublished":"2021-02-10T12:51:38+00:00","dateModified":"2021-02-19T15:04:50+00:00","breadcrumb":{"@id":"https:\/\/ankebreternitz.com\/impressum#breadcrumb"},"inLanguage":"en-US","potentialAction":[{"@type":"ReadAction","target":["https:\/\/ankebreternitz.com\/impressum"]}]},{"@type":"BreadcrumbList","@id":"https:\/\/ankebreternitz.com\/impressum#breadcrumb","itemListElement":[{"@type":"ListItem","position":1,"name":"Startseite","item":"https:\/\/ankebreternitz.com\/"},{"@type":"ListItem","position":2,"name":"Impressum"}]},{"@type":"WebSite","@id":"https:\/\/ankebreternitz.com\/#website","url":"https:\/\/ankebreternitz.com\/","name":"Anke Breternitz","description":"Karriere Coaching f\u00fcr F\u00fchrungskr\u00e4fte, Team, Mitarbeiter und Selbstst\u00e4ndige","publisher":{"@id":"https:\/\/ankebreternitz.com\/#organization"},"potentialAction":[{"@type":"SearchAction","target":{"@type":"EntryPoint","urlTemplate":"https:\/\/ankebreternitz.com\/?s={search_term_string}"},"query-input":"required name=search_term_string"}],"inLanguage":"en-US"},{"@type":"Organization","@id":"https:\/\/ankebreternitz.com\/#organization","name":"Anke Breternitz Coaching - Your Vision My Mission!","url":"https:\/\/ankebreternitz.com\/","logo":{"@type":"ImageObject","inLanguage":"en-US","@id":"https:\/\/ankebreternitz.com\/#\/schema\/logo\/image\/","url":"https:\/\/ankebreternitz.com\/wp-content\/uploads\/2021\/01\/167-scaled.jpg","contentUrl":"https:\/\/ankebreternitz.com\/wp-content\/uploads\/2021\/01\/167-scaled.jpg","width":2560,"height":1704,"caption":"Anke Breternitz Coaching - Your Vision My Mission!"},"image":{"@id":"https:\/\/ankebreternitz.com\/#\/schema\/logo\/image\/"},"sameAs":["https:\/\/www.facebook.com\/anke.breternitz.9\/","https:\/\/www.instagram.com\/ankebreternitz\/","https:\/\/www.linkedin.com\/in\/anke-breternitz-1309b162\/"]}]}},"_links":{"self":[{"href":"https:\/\/ankebreternitz.com\/en\/wp-json\/wp\/v2\/pages\/1382","targetHints":{"allow":["GET"]}}],"collection":[{"href":"https:\/\/ankebreternitz.com\/en\/wp-json\/wp\/v2\/pages"}],"about":[{"href":"https:\/\/ankebreternitz.com\/en\/wp-json\/wp\/v2\/types\/page"}],"author":[{"embeddable":true,"href":"https:\/\/ankebreternitz.com\/en\/wp-json\/wp\/v2\/users\/1"}],"replies":[{"embeddable":true,"href":"https:\/\/ankebreternitz.com\/en\/wp-json\/wp\/v2\/comments?post=1382"}],"version-history":[{"count":7,"href":"https:\/\/ankebreternitz.com\/en\/wp-json\/wp\/v2\/pages\/1382\/revisions"}],"predecessor-version":[{"id":2620,"href":"https:\/\/ankebreternitz.com\/en\/wp-json\/wp\/v2\/pages\/1382\/revisions\/2620"}],"wp:attachment":[{"href":"https:\/\/ankebreternitz.com\/en\/wp-json\/wp\/v2\/media?parent=1382"}],"curies":[{"name":"wp","href":"https:\/\/api.w.org\/{rel}","templated":true}]}}