{"id":469,"date":"2021-01-18T13:50:14","date_gmt":"2021-01-18T13:50:14","guid":{"rendered":"https:\/\/ankebreternitz.com\/?page_id=469"},"modified":"2021-05-11T14:56:18","modified_gmt":"2021-05-11T12:56:18","slug":"eq-lounge","status":"publish","type":"page","link":"https:\/\/ankebreternitz.com\/en\/eq-lounge","title":{"rendered":"EQ Lounge"},"content":{"rendered":"<div data-elementor-type=\"wp-page\" data-elementor-id=\"469\" class=\"elementor elementor-469\">\n\t\t\t\t\t\t<div class=\"elementor-inner\">\n\t\t\t\t<div class=\"elementor-section-wrap\">\n\t\t\t\t\t\t\t\t\t<section class=\"elementor-section elementor-top-section elementor-element elementor-element-2c0b8dc elementor-section-boxed elementor-section-height-default elementor-section-height-default\" data-id=\"2c0b8dc\" data-element_type=\"section\">\n\t\t\t\t\t\t<div class=\"elementor-container elementor-column-gap-default\">\n\t\t\t\t\t\t\t<div class=\"elementor-row\">\n\t\t\t\t\t<div class=\"elementor-column elementor-col-100 elementor-top-column elementor-element elementor-element-0a4e895\" data-id=\"0a4e895\" data-element_type=\"column\">\n\t\t\t<div class=\"elementor-column-wrap elementor-element-populated\">\n\t\t\t\t\t\t\t<div class=\"elementor-widget-wrap\">\n\t\t\t\t\t\t<div class=\"elementor-element elementor-element-9beca4e elementor-widget elementor-widget-heading\" data-id=\"9beca4e\" data-element_type=\"widget\" data-widget_type=\"heading.default\">\n\t\t\t\t<div class=\"elementor-widget-container\">\n\t\t\t<h2 class=\"elementor-heading-title elementor-size-default\"><b>Welcome to my EQ Lounge<\/b><\/h2>\t\t<\/div>\n\t\t\t\t<\/div>\n\t\t\t\t<section class=\"elementor-section elementor-inner-section elementor-element elementor-element-e3af829 elementor-section-boxed elementor-section-height-default elementor-section-height-default\" data-id=\"e3af829\" data-element_type=\"section\">\n\t\t\t\t\t\t<div class=\"elementor-container elementor-column-gap-default\">\n\t\t\t\t\t\t\t<div class=\"elementor-row\">\n\t\t\t\t\t<div class=\"elementor-column elementor-col-100 elementor-inner-column elementor-element elementor-element-8289207\" data-id=\"8289207\" data-element_type=\"column\">\n\t\t\t<div class=\"elementor-column-wrap elementor-element-populated\">\n\t\t\t\t\t\t\t<div class=\"elementor-widget-wrap\">\n\t\t\t\t\t\t<div class=\"elementor-element elementor-element-d73d623 elementor-widget elementor-widget-text-editor\" data-id=\"d73d623\" data-element_type=\"widget\" data-widget_type=\"text-editor.default\">\n\t\t\t\t<div class=\"elementor-widget-container\">\n\t\t\t\t\t\t\t\t<div class=\"elementor-text-editor elementor-clearfix\">\n\t\t\t\t<h3>More to come soon<\/h3>\t\t\t\t\t<\/div>\n\t\t\t\t\t\t<\/div>\n\t\t\t\t<\/div>\n\t\t\t\t\t\t<\/div>\n\t\t\t\t\t<\/div>\n\t\t<\/div>\n\t\t\t\t\t\t\t\t<\/div>\n\t\t\t\t\t<\/div>\n\t\t<\/section>\n\t\t\t\t<div class=\"elementor-element elementor-element-92bf228 elementor-arrows-position-inside elementor-pagination-position-outside elementor-widget elementor-widget-image-carousel\" data-id=\"92bf228\" data-element_type=\"widget\" data-settings=\"{&quot;navigation&quot;:&quot;both&quot;,&quot;autoplay&quot;:&quot;yes&quot;,&quot;pause_on_hover&quot;:&quot;yes&quot;,&quot;pause_on_interaction&quot;:&quot;yes&quot;,&quot;autoplay_speed&quot;:5000,&quot;infinite&quot;:&quot;yes&quot;,&quot;speed&quot;:500}\" data-widget_type=\"image-carousel.default\">\n\t\t\t\t<div class=\"elementor-widget-container\">\n\t\t\t\t\t<div class=\"elementor-image-carousel-wrapper swiper-container\" dir=\"ltr\">\n\t\t\t<div class=\"elementor-image-carousel swiper-wrapper\">\n\t\t\t\t\t\t\t\t<div class=\"swiper-slide\"><figure class=\"swiper-slide-inner\"><img decoding=\"async\" class=\"swiper-slide-image\" src=\"https:\/\/ankebreternitz.com\/wp-content\/uploads\/2021\/01\/500-scaled.jpg\" alt=\"Wissen Sie noch, was Sie als Kind mal werden wollten?\" \/><figcaption class=\"elementor-image-carousel-caption\">Do you remember what you wanted to become as a child?<\/figcaption><\/figure><\/div><div class=\"swiper-slide\"><figure class=\"swiper-slide-inner\"><img decoding=\"async\" class=\"swiper-slide-image\" src=\"https:\/\/ankebreternitz.com\/wp-content\/uploads\/2021\/01\/523.jpg\" alt=\"Coaching und Fitness -- das geht auch zusammen!\" \/><figcaption class=\"elementor-image-carousel-caption\">Coaching and fitness - that goes together!<\/figcaption><\/figure><\/div><div class=\"swiper-slide\"><figure class=\"swiper-slide-inner\"><img decoding=\"async\" class=\"swiper-slide-image\" src=\"https:\/\/ankebreternitz.com\/wp-content\/uploads\/2021\/03\/472-scaled.jpg\" alt=\"Haben Sie eine eigene Hymne?\" \/><figcaption class=\"elementor-image-carousel-caption\">Do you have your own anthem?<\/figcaption><\/figure><\/div>\t\t\t<\/div>\n\t\t\t\t\t\t\t\t\t\t\t\t<div class=\"swiper-pagination\"><\/div>\n\t\t\t\t\t\t\t\t\t\t\t\t\t<div class=\"elementor-swiper-button elementor-swiper-button-prev\">\n\t\t\t\t\t\t<i aria-hidden=\"true\" class=\"eicon-chevron-left\"><\/i>\t\t\t\t\t\t<span class=\"elementor-screen-only\">Previous<\/span>\n\t\t\t\t\t<\/div>\n\t\t\t\t\t<div class=\"elementor-swiper-button elementor-swiper-button-next\">\n\t\t\t\t\t\t<i aria-hidden=\"true\" class=\"eicon-chevron-right\"><\/i>\t\t\t\t\t\t<span class=\"elementor-screen-only\">Next<\/span>\n\t\t\t\t\t<\/div>\n\t\t\t\t\t\t\t\t\t<\/div>\n\t\t\t\t<\/div>\n\t\t\t\t<\/div>\n\t\t\t\t\t\t<\/div>\n\t\t\t\t\t<\/div>\n\t\t<\/div>\n\t\t\t\t\t\t\t\t<\/div>\n\t\t\t\t\t<\/div>\n\t\t<\/section>\n\t\t\t\t<section class=\"elementor-section elementor-top-section elementor-element elementor-element-3099c7b elementor-section-boxed elementor-section-height-default elementor-section-height-default\" data-id=\"3099c7b\" data-element_type=\"section\">\n\t\t\t\t\t\t<div class=\"elementor-container elementor-column-gap-default\">\n\t\t\t\t\t\t\t<div class=\"elementor-row\">\n\t\t\t\t\t<div class=\"elementor-column elementor-col-100 elementor-top-column elementor-element elementor-element-9123c03\" data-id=\"9123c03\" data-element_type=\"column\">\n\t\t\t<div class=\"elementor-column-wrap elementor-element-populated\">\n\t\t\t\t\t\t\t<div class=\"elementor-widget-wrap\">\n\t\t\t\t\t\t<div class=\"elementor-element elementor-element-ff8e64b premium-blog-align-left elementor-widget elementor-widget-premium-addon-blog\" data-id=\"ff8e64b\" data-element_type=\"widget\" data-settings=\"{&quot;premium_blog_grid&quot;:&quot;yes&quot;,&quot;premium_blog_layout&quot;:&quot;even&quot;,&quot;premium_blog_columns_number&quot;:&quot;50%&quot;,&quot;premium_blog_columns_number_tablet&quot;:&quot;50%&quot;,&quot;premium_blog_columns_number_mobile&quot;:&quot;100%&quot;,&quot;scroll_to_offset&quot;:&quot;yes&quot;}\" data-widget_type=\"premium-addon-blog.default\">\n\t\t\t\t<div class=\"elementor-widget-container\">\n\t\t\t\r\n\t\t\t\t<div class=\"premium-blog-wrap  premium-blog-even\" data-page=\"469\">\r\n\t\t\t\t\t<div class=\"premium-blog-post-outer-container\" data-total=\"1\">\r\n\t\t\t<div class=\"premium-blog-post-container premium-blog-skin-classic\">\r\n\t\t\t\t\t\t\t\t\t<div class=\"premium-blog-thumb-effect-wrapper\">\r\n\t\t\t\t\t\t<div class=\"premium-blog-thumbnail-container premium-blog-zoomin-effect\">\r\n\t\t\t\t\t\t\t<img loading=\"lazy\" decoding=\"async\" width=\"2126\" height=\"1415\" src=\"https:\/\/ankebreternitz.com\/wp-content\/uploads\/2021\/03\/441.jpg\" class=\"attachment-full size-full wp-image-3584\" alt=\"\" srcset=\"https:\/\/ankebreternitz.com\/wp-content\/uploads\/2021\/03\/441.jpg 2126w, https:\/\/ankebreternitz.com\/wp-content\/uploads\/2021\/03\/441-300x200.jpg 300w, https:\/\/ankebreternitz.com\/wp-content\/uploads\/2021\/03\/441-1024x682.jpg 1024w, https:\/\/ankebreternitz.com\/wp-content\/uploads\/2021\/03\/441-768x511.jpg 768w, https:\/\/ankebreternitz.com\/wp-content\/uploads\/2021\/03\/441-1536x1022.jpg 1536w, https:\/\/ankebreternitz.com\/wp-content\/uploads\/2021\/03\/441-2048x1363.jpg 2048w, https:\/\/ankebreternitz.com\/wp-content\/uploads\/2021\/03\/441-16x12.jpg 16w\" sizes=\"auto, (max-width: 2126px) 100vw, 2126px\" \/>\t\t\t\t\t\t<\/div>\r\n\t\t\t\t\t\t\t\t\t\t\t\t\t<div class=\"premium-blog-thumbnail-overlay\">\r\n\t\t\t\t\t\t\t\t<a class=\"elementor-icon\" href=\"https:\/\/ankebreternitz.com\/en\/boost-your-eq-with-mentoring\" target=\"_blank\" aria-hidden=\"true\"><\/a>\r\n\t\t\t\t\t\t\t<\/div>\r\n\t\t\t\t\t\t\t\t\t\t\t<\/div>\r\n\t\t\t\t\t\t\t\t\t\t\t\t<div class=\"premium-blog-content-wrapper\">\r\n\r\n\t\t\t\t\t<div class=\"premium-blog-inner-container\">\r\n\r\n\t\t\t\t\t\t\t\t\t\t\t\t\t\t<h3 class=\"premium-blog-entry-title\">\r\n\t\t\t<a href=\"https:\/\/ankebreternitz.com\/en\/boost-your-eq-with-mentoring\" target=\"_blank\">\r\n\t\t\t\tBoost your EQ with Mentoring\t\t\t<\/a>\r\n\t\t<\/h3>\r\n\t\t\t\t<div class=\"premium-blog-entry-meta\">\r\n\t\t\t\r\n\t\t\t\r\n\t\t\t\r\n\t\t\t\t\t<\/div>\r\n\t\t\r\n\t\t\t\t\t<\/div>\r\n\r\n\t\t\t\t\t<p class=\"premium-blog-post-content\">This month I will share some insights and benefits of Mentoring, a very important element of people development and grow. It also fosters a key element of Emotional Intelligence, increasing your social skills building relationships and communicating with others.<\/p>\t\t\t\t\t\r\n\t\t\t\t<\/div>\r\n\t\t\t<\/div>\r\n\t\t<\/div>\r\n\r\n\t\t\t\t<div class=\"premium-blog-post-outer-container\" data-total=\"1\">\r\n\t\t\t<div class=\"premium-blog-post-container premium-blog-skin-classic\">\r\n\t\t\t\t\t\t\t\t\t<div class=\"premium-blog-thumb-effect-wrapper\">\r\n\t\t\t\t\t\t<div class=\"premium-blog-thumbnail-container premium-blog-zoomin-effect\">\r\n\t\t\t\t\t\t\t<img loading=\"lazy\" decoding=\"async\" width=\"1704\" height=\"2560\" src=\"https:\/\/ankebreternitz.com\/wp-content\/uploads\/2021\/03\/472-scaled.jpg\" class=\"attachment-full size-full wp-image-4247\" alt=\"\" srcset=\"https:\/\/ankebreternitz.com\/wp-content\/uploads\/2021\/03\/472-scaled.jpg 1704w, https:\/\/ankebreternitz.com\/wp-content\/uploads\/2021\/03\/472-200x300.jpg 200w, https:\/\/ankebreternitz.com\/wp-content\/uploads\/2021\/03\/472-682x1024.jpg 682w, https:\/\/ankebreternitz.com\/wp-content\/uploads\/2021\/03\/472-768x1154.jpg 768w, https:\/\/ankebreternitz.com\/wp-content\/uploads\/2021\/03\/472-1022x1536.jpg 1022w, https:\/\/ankebreternitz.com\/wp-content\/uploads\/2021\/03\/472-1363x2048.jpg 1363w, https:\/\/ankebreternitz.com\/wp-content\/uploads\/2021\/03\/472-8x12.jpg 8w\" sizes=\"auto, (max-width: 1704px) 100vw, 1704px\" \/>\t\t\t\t\t\t<\/div>\r\n\t\t\t\t\t\t\t\t\t\t\t\t\t<div class=\"premium-blog-thumbnail-overlay\">\r\n\t\t\t\t\t\t\t\t<a class=\"elementor-icon\" href=\"https:\/\/ankebreternitz.com\/en\/eq-blog-a-break-under-the-lemon-tree\" target=\"_blank\" aria-hidden=\"true\"><\/a>\r\n\t\t\t\t\t\t\t<\/div>\r\n\t\t\t\t\t\t\t\t\t\t\t<\/div>\r\n\t\t\t\t\t\t\t\t\t\t\t\t<div class=\"premium-blog-content-wrapper\">\r\n\r\n\t\t\t\t\t<div class=\"premium-blog-inner-container\">\r\n\r\n\t\t\t\t\t\t\t\t\t\t\t\t\t\t<h3 class=\"premium-blog-entry-title\">\r\n\t\t\t<a href=\"https:\/\/ankebreternitz.com\/en\/eq-blog-a-break-under-the-lemon-tree\" target=\"_blank\">\r\n\t\t\t\tA Break under the Lemon Tree!\t\t\t<\/a>\r\n\t\t<\/h3>\r\n\t\t\t\t<div class=\"premium-blog-entry-meta\">\r\n\t\t\t\r\n\t\t\t\r\n\t\t\t\r\n\t\t\t\t\t<\/div>\r\n\t\t\r\n\t\t\t\t\t<\/div>\r\n\r\n\t\t\t\t\t<p class=\"premium-blog-post-content\">I would like to invite you to have a break `Under my lemon tree\u00b4!I will regularly share insights, tools and practice tips to bring the topic of `how to live Emotional Intelligence\u00b4 closer to you. I hope you find it interesting, useful and entertaining. Greetings Anke<\/p>\t\t\t\t\t\r\n\t\t\t\t<\/div>\r\n\t\t\t<\/div>\r\n\t\t<\/div>\r\n\r\n\t\t\t\t<\/div>\r\n\r\n\t\t\t\t<\/div>\n\t\t\t\t<\/div>\n\t\t\t\t\t\t<\/div>\n\t\t\t\t\t<\/div>\n\t\t<\/div>\n\t\t\t\t\t\t\t\t<\/div>\n\t\t\t\t\t<\/div>\n\t\t<\/section>\n\t\t\t\t\t\t\t\t\t<\/div>\n\t\t\t<\/div>\n\t\t\t\t\t<\/div>","protected":false},"excerpt":{"rendered":"<p>Welcome to my EQ Lounge Hier kommt bald mehr &#8230; Wissen Sie noch, was Sie als Kind mal werden wollten? Coaching und Fitness &#8212; das geht auch zusammen! Haben Sie eine eigene Hymne? Zur\u00fcck Weiter Boost your EQ with Mentoring This month I will share some insights and benefits of Mentoring, a very important element &hellip;<\/p>\n<p class=\"read-more\"> <a class=\"\" href=\"https:\/\/ankebreternitz.com\/en\/eq-blog-a-break-under-the-lemon-tree\"> <span class=\"screen-reader-text\">A Break under the Lemon Tree!<\/span> Read More &raquo;<\/a><\/p>","protected":false},"author":1,"featured_media":1624,"parent":0,"menu_order":0,"comment_status":"closed","ping_status":"closed","template":"","meta":{"footnotes":""},"class_list":["post-469","page","type-page","status-publish","has-post-thumbnail","hentry"],"yoast_head":"<!-- This site is optimized with the Yoast SEO plugin v20.4 - https:\/\/yoast.com\/wordpress\/plugins\/seo\/ -->\n<title>EQ Lounge | Anke Breternitz<\/title>\n<meta name=\"description\" content=\"Hier kommt bald mehr \u00fcber Emotionale Intelligenz in der Praxis! EQ ist ein erlern- und messbares, wissenschaftlich validiertes Skillset, das Beziehungen, Wohlbefinden und Lebensqualit\u00e4t f\u00f6rdert.\" \/>\n<meta name=\"robots\" content=\"index, follow, max-snippet:-1, max-image-preview:large, max-video-preview:-1\" \/>\n<link rel=\"canonical\" href=\"https:\/\/ankebreternitz.com\/en\/eq-lounge\/\" \/>\n<meta property=\"og:locale\" content=\"en_US\" \/>\n<meta property=\"og:type\" content=\"article\" \/>\n<meta property=\"og:title\" content=\"EQ Lounge | Anke Breternitz\" \/>\n<meta property=\"og:description\" content=\"Hier kommt bald mehr \u00fcber Emotionale Intelligenz in der Praxis! EQ ist ein erlern- und messbares, wissenschaftlich validiertes Skillset, das Beziehungen, Wohlbefinden und Lebensqualit\u00e4t f\u00f6rdert.\" \/>\n<meta property=\"og:url\" content=\"https:\/\/ankebreternitz.com\/en\/eq-lounge\/\" \/>\n<meta property=\"og:site_name\" content=\"Anke Breternitz\" \/>\n<meta property=\"article:publisher\" content=\"https:\/\/www.facebook.com\/anke.breternitz.9\/\" \/>\n<meta property=\"article:modified_time\" content=\"2021-05-11T12:56:18+00:00\" \/>\n<meta property=\"og:image\" content=\"https:\/\/ankebreternitz.com\/wp-content\/uploads\/2021\/02\/500-scaled.jpg\" \/>\n\t<meta property=\"og:image:width\" content=\"1704\" \/>\n\t<meta property=\"og:image:height\" content=\"2560\" \/>\n\t<meta property=\"og:image:type\" content=\"image\/jpeg\" \/>\n<meta name=\"twitter:card\" content=\"summary_large_image\" \/>\n<meta name=\"twitter:label1\" content=\"Est. reading time\" \/>\n\t<meta name=\"twitter:data1\" content=\"3 minutes\" \/>\n<script type=\"application\/ld+json\" class=\"yoast-schema-graph\">{\"@context\":\"https:\/\/schema.org\",\"@graph\":[{\"@type\":\"WebPage\",\"@id\":\"https:\/\/ankebreternitz.com\/eq-lounge\",\"url\":\"https:\/\/ankebreternitz.com\/eq-lounge\",\"name\":\"EQ Lounge | Anke Breternitz\",\"isPartOf\":{\"@id\":\"https:\/\/ankebreternitz.com\/#website\"},\"datePublished\":\"2021-01-18T13:50:14+00:00\",\"dateModified\":\"2021-05-11T12:56:18+00:00\",\"description\":\"Hier kommt bald mehr \u00fcber Emotionale Intelligenz in der Praxis! EQ ist ein erlern- und messbares, wissenschaftlich validiertes Skillset, das Beziehungen, Wohlbefinden und Lebensqualit\u00e4t f\u00f6rdert.\",\"breadcrumb\":{\"@id\":\"https:\/\/ankebreternitz.com\/eq-lounge#breadcrumb\"},\"inLanguage\":\"en-US\",\"potentialAction\":[{\"@type\":\"ReadAction\",\"target\":[\"https:\/\/ankebreternitz.com\/eq-lounge\"]}]},{\"@type\":\"BreadcrumbList\",\"@id\":\"https:\/\/ankebreternitz.com\/eq-lounge#breadcrumb\",\"itemListElement\":[{\"@type\":\"ListItem\",\"position\":1,\"name\":\"Startseite\",\"item\":\"https:\/\/ankebreternitz.com\/\"},{\"@type\":\"ListItem\",\"position\":2,\"name\":\"EQ Lounge\"}]},{\"@type\":\"WebSite\",\"@id\":\"https:\/\/ankebreternitz.com\/#website\",\"url\":\"https:\/\/ankebreternitz.com\/\",\"name\":\"Anke Breternitz\",\"description\":\"Karriere Coaching f\u00fcr F\u00fchrungskr\u00e4fte, Team, Mitarbeiter und Selbstst\u00e4ndige\",\"publisher\":{\"@id\":\"https:\/\/ankebreternitz.com\/#organization\"},\"potentialAction\":[{\"@type\":\"SearchAction\",\"target\":{\"@type\":\"EntryPoint\",\"urlTemplate\":\"https:\/\/ankebreternitz.com\/?s={search_term_string}\"},\"query-input\":\"required name=search_term_string\"}],\"inLanguage\":\"en-US\"},{\"@type\":\"Organization\",\"@id\":\"https:\/\/ankebreternitz.com\/#organization\",\"name\":\"Anke Breternitz Coaching - Your Vision My Mission!\",\"url\":\"https:\/\/ankebreternitz.com\/\",\"logo\":{\"@type\":\"ImageObject\",\"inLanguage\":\"en-US\",\"@id\":\"https:\/\/ankebreternitz.com\/#\/schema\/logo\/image\/\",\"url\":\"https:\/\/ankebreternitz.com\/wp-content\/uploads\/2021\/01\/167-scaled.jpg\",\"contentUrl\":\"https:\/\/ankebreternitz.com\/wp-content\/uploads\/2021\/01\/167-scaled.jpg\",\"width\":2560,\"height\":1704,\"caption\":\"Anke Breternitz Coaching - Your Vision My Mission!\"},\"image\":{\"@id\":\"https:\/\/ankebreternitz.com\/#\/schema\/logo\/image\/\"},\"sameAs\":[\"https:\/\/www.facebook.com\/anke.breternitz.9\/\",\"https:\/\/www.instagram.com\/ankebreternitz\/\",\"https:\/\/www.linkedin.com\/in\/anke-breternitz-1309b162\/\"]}]}<\/script>\n<!-- \/ Yoast SEO plugin. -->","yoast_head_json":{"title":"EQ Lounge | Anke Breternitz","description":"Hier kommt bald mehr \u00fcber Emotionale Intelligenz in der Praxis! EQ ist ein erlern- und messbares, wissenschaftlich validiertes Skillset, das Beziehungen, Wohlbefinden und Lebensqualit\u00e4t f\u00f6rdert.","robots":{"index":"index","follow":"follow","max-snippet":"max-snippet:-1","max-image-preview":"max-image-preview:large","max-video-preview":"max-video-preview:-1"},"canonical":"https:\/\/ankebreternitz.com\/en\/eq-lounge\/","og_locale":"en_US","og_type":"article","og_title":"EQ Lounge | Anke Breternitz","og_description":"Hier kommt bald mehr \u00fcber Emotionale Intelligenz in der Praxis! EQ ist ein erlern- und messbares, wissenschaftlich validiertes Skillset, das Beziehungen, Wohlbefinden und Lebensqualit\u00e4t f\u00f6rdert.","og_url":"https:\/\/ankebreternitz.com\/en\/eq-lounge\/","og_site_name":"Anke Breternitz","article_publisher":"https:\/\/www.facebook.com\/anke.breternitz.9\/","article_modified_time":"2021-05-11T12:56:18+00:00","og_image":[{"width":1704,"height":2560,"url":"https:\/\/ankebreternitz.com\/wp-content\/uploads\/2021\/02\/500-scaled.jpg","type":"image\/jpeg"}],"twitter_card":"summary_large_image","twitter_misc":{"Est. reading time":"3 minutes"},"schema":{"@context":"https:\/\/schema.org","@graph":[{"@type":"WebPage","@id":"https:\/\/ankebreternitz.com\/eq-lounge","url":"https:\/\/ankebreternitz.com\/eq-lounge","name":"EQ Lounge | Anke Breternitz","isPartOf":{"@id":"https:\/\/ankebreternitz.com\/#website"},"datePublished":"2021-01-18T13:50:14+00:00","dateModified":"2021-05-11T12:56:18+00:00","description":"Hier kommt bald mehr \u00fcber Emotionale Intelligenz in der Praxis! EQ ist ein erlern- und messbares, wissenschaftlich validiertes Skillset, das Beziehungen, Wohlbefinden und Lebensqualit\u00e4t f\u00f6rdert.","breadcrumb":{"@id":"https:\/\/ankebreternitz.com\/eq-lounge#breadcrumb"},"inLanguage":"en-US","potentialAction":[{"@type":"ReadAction","target":["https:\/\/ankebreternitz.com\/eq-lounge"]}]},{"@type":"BreadcrumbList","@id":"https:\/\/ankebreternitz.com\/eq-lounge#breadcrumb","itemListElement":[{"@type":"ListItem","position":1,"name":"Startseite","item":"https:\/\/ankebreternitz.com\/"},{"@type":"ListItem","position":2,"name":"EQ Lounge"}]},{"@type":"WebSite","@id":"https:\/\/ankebreternitz.com\/#website","url":"https:\/\/ankebreternitz.com\/","name":"Anke Breternitz","description":"Karriere Coaching f\u00fcr F\u00fchrungskr\u00e4fte, Team, Mitarbeiter und Selbstst\u00e4ndige","publisher":{"@id":"https:\/\/ankebreternitz.com\/#organization"},"potentialAction":[{"@type":"SearchAction","target":{"@type":"EntryPoint","urlTemplate":"https:\/\/ankebreternitz.com\/?s={search_term_string}"},"query-input":"required name=search_term_string"}],"inLanguage":"en-US"},{"@type":"Organization","@id":"https:\/\/ankebreternitz.com\/#organization","name":"Anke Breternitz Coaching - Your Vision My Mission!","url":"https:\/\/ankebreternitz.com\/","logo":{"@type":"ImageObject","inLanguage":"en-US","@id":"https:\/\/ankebreternitz.com\/#\/schema\/logo\/image\/","url":"https:\/\/ankebreternitz.com\/wp-content\/uploads\/2021\/01\/167-scaled.jpg","contentUrl":"https:\/\/ankebreternitz.com\/wp-content\/uploads\/2021\/01\/167-scaled.jpg","width":2560,"height":1704,"caption":"Anke Breternitz Coaching - Your Vision My Mission!"},"image":{"@id":"https:\/\/ankebreternitz.com\/#\/schema\/logo\/image\/"},"sameAs":["https:\/\/www.facebook.com\/anke.breternitz.9\/","https:\/\/www.instagram.com\/ankebreternitz\/","https:\/\/www.linkedin.com\/in\/anke-breternitz-1309b162\/"]}]}},"_links":{"self":[{"href":"https:\/\/ankebreternitz.com\/en\/wp-json\/wp\/v2\/pages\/469","targetHints":{"allow":["GET"]}}],"collection":[{"href":"https:\/\/ankebreternitz.com\/en\/wp-json\/wp\/v2\/pages"}],"about":[{"href":"https:\/\/ankebreternitz.com\/en\/wp-json\/wp\/v2\/types\/page"}],"author":[{"embeddable":true,"href":"https:\/\/ankebreternitz.com\/en\/wp-json\/wp\/v2\/users\/1"}],"replies":[{"embeddable":true,"href":"https:\/\/ankebreternitz.com\/en\/wp-json\/wp\/v2\/comments?post=469"}],"version-history":[{"count":38,"href":"https:\/\/ankebreternitz.com\/en\/wp-json\/wp\/v2\/pages\/469\/revisions"}],"predecessor-version":[{"id":4315,"href":"https:\/\/ankebreternitz.com\/en\/wp-json\/wp\/v2\/pages\/469\/revisions\/4315"}],"wp:featuredmedia":[{"embeddable":true,"href":"https:\/\/ankebreternitz.com\/en\/wp-json\/wp\/v2\/media\/1624"}],"wp:attachment":[{"href":"https:\/\/ankebreternitz.com\/en\/wp-json\/wp\/v2\/media?parent=469"}],"curies":[{"name":"wp","href":"https:\/\/api.w.org\/{rel}","templated":true}]}}